{"id":1573,"date":"2025-12-04T22:49:04","date_gmt":"2025-12-05T01:49:04","guid":{"rendered":"https:\/\/brocherobellville-cba.infd.edu.ar\/sitio\/?page_id=1573"},"modified":"2025-12-05T20:56:47","modified_gmt":"2025-12-05T23:56:47","slug":"estudia-con-nosotros","status":"publish","type":"page","link":"https:\/\/brocherobellville-cba.infd.edu.ar\/sitio\/estudia-con-nosotros\/","title":{"rendered":"Estudi\u00e1 con nosotros"},"content":{"rendered":"\n<p>\u00bfQuer\u00e9s conocer m\u00e1s nuestra propuesta? Te compartimos informaci\u00f3n sobre la oferta, su salida laboral y la modalidad de cursado. Por cualquier otra consulta, escribinos a profesorado.brochero@gmail.com o comunicate al te. 3537-485555. Lo ideal es visitarnos en nuestra sede en el centro de la ciudad de Bell Ville, en 25 de mayo 59. \u00bfQu\u00e9 est\u00e1s esperando? \u00a1Animate&#8230;!<\/p>\n\n\n\n<ul>\n<li><a href=\"https:\/\/brocherobellville-cba.infd.edu.ar\/sitio\/catalogo\/\" data-type=\"URL\" data-id=\"https:\/\/brocherobellville-cba.infd.edu.ar\/sitio\/catalogo\/\" target=\"_blank\" rel=\"noreferrer noopener\">Plan de Estudios 2026<\/a><\/li>\n\n\n\n<li><a href=\"https:\/\/brocherobellville-cba.infd.edu.ar\/sitio\/alcance-del-titulo\/\" data-type=\"URL\" data-id=\"https:\/\/brocherobellville-cba.infd.edu.ar\/sitio\/alcance-del-titulo\/\" target=\"_blank\" rel=\"noreferrer noopener\">Alcance del T\u00edtulo<\/a><\/li>\n\n\n\n<li><a href=\"https:\/\/brocherobellville-cba.infd.edu.ar\/sitio\/modalidad-combinada\/\" data-type=\"URL\" data-id=\"https:\/\/brocherobellville-cba.infd.edu.ar\/sitio\/modalidad-combinada\/\" target=\"_blank\" rel=\"noreferrer noopener\">Modalidad combinada<\/a><\/li>\n<\/ul>\n\n\n\n<figure class=\"wp-block-image size-full is-resized\"><img decoding=\"async\" loading=\"lazy\" src=\"https:\/\/brocherobellville-cba.infd.edu.ar\/sitio\/wp-content\/uploads\/2025\/12\/Alto-sueno-1.jpg\" alt=\"\" class=\"wp-image-1581\" width=\"768\" height=\"758\" srcset=\"https:\/\/brocherobellville-cba.infd.edu.ar\/sitio\/wp-content\/uploads\/2025\/12\/Alto-sueno-1.jpg 1690w, https:\/\/brocherobellville-cba.infd.edu.ar\/sitio\/wp-content\/uploads\/2025\/12\/Alto-sueno-1-1000x988.jpg 1000w, https:\/\/brocherobellville-cba.infd.edu.ar\/sitio\/wp-content\/uploads\/2025\/12\/Alto-sueno-1-768x758.jpg 768w, https:\/\/brocherobellville-cba.infd.edu.ar\/sitio\/wp-content\/uploads\/2025\/12\/Alto-sueno-1-1536x1517.jpg 1536w\" sizes=\"(max-width: 768px) 100vw, 768px\" \/><\/figure>\n","protected":false},"excerpt":{"rendered":"<p>\u00bfQuer\u00e9s conocer m\u00e1s nuestra propuesta? Te compartimos informaci\u00f3n sobre la oferta, su salida laboral y la modalidad de cursado. Por cualquier otra consulta, escribinos a profesorado.brochero@gmail.com o comunicate al te. 3537-485555. Lo ideal es visitarnos en nuestra sede en el centro de la ciudad de Bell Ville, en 25 de mayo 59. \u00bfQu\u00e9 est\u00e1s esperando? &#8230; <a title=\"Estudi\u00e1 con nosotros\" class=\"read-more\" href=\"https:\/\/brocherobellville-cba.infd.edu.ar\/sitio\/estudia-con-nosotros\/\" aria-label=\"M\u00e1s en Estudi\u00e1 con nosotros\">[+]<\/a><\/p>\n","protected":false},"author":10,"featured_media":0,"parent":0,"menu_order":0,"comment_status":"closed","ping_status":"closed","template":"","meta":[],"acf":[],"_links":{"self":[{"href":"https:\/\/brocherobellville-cba.infd.edu.ar\/sitio\/wp-json\/wp\/v2\/pages\/1573"}],"collection":[{"href":"https:\/\/brocherobellville-cba.infd.edu.ar\/sitio\/wp-json\/wp\/v2\/pages"}],"about":[{"href":"https:\/\/brocherobellville-cba.infd.edu.ar\/sitio\/wp-json\/wp\/v2\/types\/page"}],"author":[{"embeddable":true,"href":"https:\/\/brocherobellville-cba.infd.edu.ar\/sitio\/wp-json\/wp\/v2\/users\/10"}],"replies":[{"embeddable":true,"href":"https:\/\/brocherobellville-cba.infd.edu.ar\/sitio\/wp-json\/wp\/v2\/comments?post=1573"}],"version-history":[{"count":4,"href":"https:\/\/brocherobellville-cba.infd.edu.ar\/sitio\/wp-json\/wp\/v2\/pages\/1573\/revisions"}],"predecessor-version":[{"id":1584,"href":"https:\/\/brocherobellville-cba.infd.edu.ar\/sitio\/wp-json\/wp\/v2\/pages\/1573\/revisions\/1584"}],"wp:attachment":[{"href":"https:\/\/brocherobellville-cba.infd.edu.ar\/sitio\/wp-json\/wp\/v2\/media?parent=1573"}],"curies":[{"name":"wp","href":"https:\/\/api.w.org\/{rel}","templated":true}]}}